{"id":1322,"date":"2022-02-24T05:02:56","date_gmt":"2022-02-24T05:02:56","guid":{"rendered":"https:\/\/veritas.situada.online\/home\/"},"modified":"2026-01-06T19:53:23","modified_gmt":"2026-01-06T18:53:23","slug":"inicio","status":"publish","type":"page","link":"https:\/\/veritas.situada.online\/en\/","title":{"rendered":"Home"},"content":{"rendered":"<div class=\"wp-block-uagb-container uagb-block-494c42c4 alignfull uagb-is-root-container\"><div class=\"uagb-container-inner-blocks-wrap\">\n<div class=\"wp-block-uagb-advanced-heading uagb-block-72cf48f8\"><h1 class=\"uagb-heading-text\">VERITAS LAC<br><\/h1><\/div>\n\n\n\n<div class=\"wp-block-uagb-advanced-heading uagb-block-07350a9c\"><h2 class=\"uagb-heading-text\">Vulnerabilities, Strategies, and Reflections on Technological Innovation and Gender Asymmetries in Latin America and the Caribbean<\/h2><\/div>\n<\/div><\/div>\n\n\n\n<div class=\"wp-block-uagb-container uagb-block-5fcee4f8 alignfull uagb-is-root-container\"><div class=\"uagb-container-inner-blocks-wrap\">\n<div class=\"wp-block-uagb-advanced-heading uagb-block-2b5f3149\"><h2 class=\"uagb-heading-text\">Exploramos las vulnerabilidades y desigualdades de g\u00e9nero en la innovaci\u00f3n tecnol\u00f3gica en Am\u00e9rica Latina y el Caribe<\/h2><div class=\"uagb-separator\"><\/div><\/div>\n\n\n\n<div class=\"wp-block-uagb-advanced-heading uagb-block-ec0e4396\"><h2 class=\"uagb-heading-text\">Con un enfoque feminista situado, exploramos c\u00f3mo las desigualdades de g\u00e9nero interact\u00faan con la innovaci\u00f3n tecnol\u00f3gica en ALAC, explorando <strong>riesgos <\/strong>y <strong>estrategias inclusivas<\/strong> para desafiar estructuras de poder y construir entornos digitales m\u00e1s seguros.<\/h2><\/div>\n\n\n\n<div style=\"height:100px\" aria-hidden=\"true\" class=\"wp-block-spacer\"><\/div>\n\n\n\n<div class=\"wp-block-uagb-container uagb-block-ed2081ea\">\n<div class=\"wp-block-uagb-container uagb-block-4eeee70a\">\n<div class=\"wp-block-uagb-info-box uagb-block-56d081d1 uagb-infobox__content-wrap  uagb-infobox-icon-above-title uagb-infobox-image-valign-top\"><div class=\"uagb-ifb-content\"><div class=\"uagb-ifb-image-content\"><img decoding=\"async\" src=\"https:\/\/veritas.situada.online\/wp-content\/uploads\/2024\/03\/diseno-collage-depresion-abstracta-scaled-e1709357610210.jpg\" alt=\"\" width=\"1706\" height=\"2389\" loading=\"lazy\"\/><\/div><div class=\"uagb-ifb-title-wrap\"><h3 class=\"uagb-ifb-title\"><strong>Challenges and Dimensions of Disinformation in Latin America and the Caribbean<\/strong><\/h3><\/div><p class=\"uagb-ifb-desc\">Las tecnolog\u00edas emergentes han introducido nuevas amenazas, exponiendo a mujeres a ataques espec\u00edficos como deepfakes y acoso en l\u00ednea. Estos actos comprometen su privacidad, reputaci\u00f3n y salud mental, subrayando la necesidad de una acci\u00f3n inmediata. En este art\u00edculo destacamos la importancia de educar digitalmente, implementar pol\u00edticas de seguridad digital con perspectiva de g\u00e9nero y regular tecnolog\u00edas emergentes para proteger los derechos humanos en los entornos digitales.<\/p><div class=\"uagb-ifb-button-wrapper wp-block-button\"><a href=\"https:\/\/veritas.situada.online\/en\/proyecto\/desafiosydimensionesdeladesinformacionenalac\/\" class=\"uagb-infobox-cta-link wp-block-button__link\" target=\"_self\" rel=\"noopener noreferrer\" onclick=\"return true;\"><span class=\"uagb-inline-editing\">Read more<\/span><svg xmlns=\"https:\/\/www.w3.org\/2000\/svg\" viewbox=\"0 0 512 512\"><path d=\"M504.3 273.6l-112.1 104c-6.992 6.484-17.18 8.218-25.94 4.406c-8.758-3.812-14.42-12.45-14.42-21.1L351.9 288H32C14.33 288 .0002 273.7 .0002 255.1S14.33 224 32 224h319.9l0-72c0-9.547 5.66-18.19 14.42-22c8.754-3.809 18.95-2.075 25.94 4.41l112.1 104C514.6 247.9 514.6 264.1 504.3 273.6z\"><\/path><\/svg><\/a><\/div><\/div><\/div>\n<\/div>\n\n\n\n<div class=\"wp-block-uagb-container uagb-block-de9dc289\">\n<div class=\"wp-block-uagb-info-box uagb-block-b483e0d5 uagb-infobox__content-wrap  uagb-infobox-icon-above-title uagb-infobox-image-valign-top\"><div class=\"uagb-ifb-content\"><div class=\"uagb-ifb-image-content\"><img decoding=\"async\" src=\"https:\/\/veritas.situada.online\/wp-content\/uploads\/2024\/07\/Deepfake-e1720476236441.png\" alt=\"\" width=\"599\" height=\"832\" loading=\"lazy\"\/><\/div><div class=\"uagb-ifb-title-wrap\"><h3 class=\"uagb-ifb-title\"><strong>Evaluaci\u00f3n de aplicaciones Deepfakes disponibles para Android<\/strong><\/h3><\/div><p class=\"uagb-ifb-desc\">VERITAS examina la accesibilidad y funcionalidad de aplicaciones de deepfakes en sistemas operativos Android, analizando c\u00f3mo estas herramientas se han popularizado y sus potenciales riesgos. Este an\u00e1lisis considera cu\u00e1n f\u00e1cilmente pueden ser utilizadas para prop\u00f3sitos maliciosos, desde manipulaciones de imagen hasta la creaci\u00f3n de contenido enga\u00f1oso. Identificar estas vulnerabilidades es esencial para fomentar un debate sobre regulaciones y educaci\u00f3n digital.<\/p><div class=\"uagb-ifb-button-wrapper wp-block-button\"><a href=\"https:\/\/veritas.situada.online\/en\/proyecto\/analisis-apps-deepfake\/\" class=\"uagb-infobox-cta-link wp-block-button__link\" target=\"_self\" rel=\"noopener noreferrer\" onclick=\"return true;\"><span class=\"uagb-inline-editing\">Read more<\/span><svg xmlns=\"https:\/\/www.w3.org\/2000\/svg\" viewbox=\"0 0 512 512\"><path d=\"M504.3 273.6l-112.1 104c-6.992 6.484-17.18 8.218-25.94 4.406c-8.758-3.812-14.42-12.45-14.42-21.1L351.9 288H32C14.33 288 .0002 273.7 .0002 255.1S14.33 224 32 224h319.9l0-72c0-9.547 5.66-18.19 14.42-22c8.754-3.809 18.95-2.075 25.94 4.41l112.1 104C514.6 247.9 514.6 264.1 504.3 273.6z\"><\/path><\/svg><\/a><\/div><\/div><\/div>\n<\/div>\n\n\n\n<div class=\"wp-block-uagb-container uagb-block-6edb74a0\">\n<div class=\"wp-block-uagb-info-box uagb-block-09a88236 uagb-infobox__content-wrap  uagb-infobox-icon-above-title uagb-infobox-image-valign-top\"><div class=\"uagb-ifb-content\"><div class=\"uagb-ifb-image-content\"><img decoding=\"async\" src=\"https:\/\/veritas.situada.online\/wp-content\/uploads\/2024\/12\/Imagen_1-scaled-e1734226515578.jpg\" alt=\"\" width=\"1709\" height=\"2383\" loading=\"lazy\"\/><\/div><div class=\"uagb-ifb-title-wrap\"><h3 class=\"uagb-ifb-title\"><strong><strong>Respuestas y Estrategias Feministas ante las Tecnolog\u00edas Emergentes<\/strong><\/strong><\/h3><\/div><p class=\"uagb-ifb-desc\">En ALAC, mujeres y organizaciones feministas est\u00e1n desarrollando estrategias para enfrentar los riesgos de las tecnolog\u00edas emergentes. Estas incluyen campa\u00f1as de concienciaci\u00f3n, herramientas de verificaci\u00f3n digital y programas educativos para promover entornos digitales seguros y equitativos. VERITAS recopila estas iniciativas, subrayando c\u00f3mo el trabajo colectivo y feminista contribuye a transformar las tecnolog\u00edas en herramientas para la inclusi\u00f3n y la justicia.<\/p><div class=\"uagb-ifb-button-wrapper wp-block-button\"><a href=\"https:\/\/veritas.situada.online\/en\/proyecto\/respuestasyestrategiasfeministasantelastecnologiaseemergentes\/\" class=\"uagb-infobox-cta-link wp-block-button__link\" target=\"_self\" rel=\"noopener noreferrer\" onclick=\"return true;\"><span class=\"uagb-inline-editing\">Read more<\/span><svg xmlns=\"https:\/\/www.w3.org\/2000\/svg\" viewbox=\"0 0 512 512\"><path d=\"M504.3 273.6l-112.1 104c-6.992 6.484-17.18 8.218-25.94 4.406c-8.758-3.812-14.42-12.45-14.42-21.1L351.9 288H32C14.33 288 .0002 273.7 .0002 255.1S14.33 224 32 224h319.9l0-72c0-9.547 5.66-18.19 14.42-22c8.754-3.809 18.95-2.075 25.94 4.41l112.1 104C514.6 247.9 514.6 264.1 504.3 273.6z\"><\/path><\/svg><\/a><\/div><\/div><\/div>\n<\/div>\n<\/div>\n<\/div><\/div>\n\n\n\n<div class=\"wp-block-uagb-container uag-hide-desktop uag-hide-tab uag-hide-mob uagb-block-110732dd alignfull uagb-is-root-container\"><div class=\"uagb-container-inner-blocks-wrap\">\n<div class=\"wp-block-uagb-container uagb-block-5e36c33b\">\n<div class=\"wp-block-uagb-image uagb-block-e78015b2 wp-block-uagb-image--layout-default wp-block-uagb-image--effect-static wp-block-uagb-image--align-none\"><figure class=\"wp-block-uagb-image__figure\"><img decoding=\"async\" srcset=\"https:\/\/veritas.situada.online\/wp-content\/uploads\/2024\/12\/notas-1024x682.jpg ,https:\/\/veritas.situada.online\/wp-content\/uploads\/2024\/12\/notas.jpg 780w, https:\/\/veritas.situada.online\/wp-content\/uploads\/2024\/12\/notas.jpg 360w\" sizes=\"(max-width: 480px) 150px\" src=\"https:\/\/veritas.situada.online\/wp-content\/uploads\/2024\/12\/notas-1024x682.jpg\" alt=\"\" class=\"uag-image-2282\" width=\"1024\" height=\"682\" title=\"notas\" loading=\"lazy\" role=\"img\"\/><\/figure><\/div>\n<\/div>\n\n\n\n<div class=\"wp-block-uagb-container uagb-block-073b26b2\">\n<div class=\"wp-block-uagb-info-box uagb-block-85490f8e uagb-infobox__content-wrap  uagb-infobox-icon-left uagb-infobox-left uagb-infobox-image-valign-middle\"><div class=\"uagb-ifb-content\"><div class=\"uagb-ifb-title-wrap\"><h3 class=\"uagb-ifb-title\"><strong>Recomendaciones<\/strong><\/h3><\/div><p class=\"uagb-ifb-desc\">Bas\u00e1ndonos en el an\u00e1lisis previo, VERITAS propone recomendaciones concretas para reducir la brecha de g\u00e9nero en el \u00e1mbito digital. Estas incluyen fomentar la educaci\u00f3n digital con enfoque de g\u00e9nero, dise\u00f1ar regulaciones \u00e9ticas para tecnolog\u00edas emergentes y garantizar la participaci\u00f3n de mujeres en la creaci\u00f3n de soluciones tecnol\u00f3gicas. Solo as\u00ed podremos avanzar hacia entornos digitales inclusivos y seguros.<br><\/p><div class=\"uagb-ifb-button-wrapper wp-block-button\"><a href=\"#\" class=\"uagb-infobox-cta-link wp-block-button__link\" target=\"_self\" rel=\"noopener noreferrer\" onclick=\"return false;\"><span class=\"uagb-inline-editing\">Leer M\u00e1s<\/span><svg xmlns=\"https:\/\/www.w3.org\/2000\/svg\" viewbox=\"0 0 512 512\"><path d=\"M504.3 273.6l-112.1 104c-6.992 6.484-17.18 8.218-25.94 4.406c-8.758-3.812-14.42-12.45-14.42-21.1L351.9 288H32C14.33 288 .0002 273.7 .0002 255.1S14.33 224 32 224h319.9l0-72c0-9.547 5.66-18.19 14.42-22c8.754-3.809 18.95-2.075 25.94 4.41l112.1 104C514.6 247.9 514.6 264.1 504.3 273.6z\"><\/path><\/svg><\/a><\/div><\/div><\/div>\n\n\n\n<div style=\"height:63px\" aria-hidden=\"true\" class=\"wp-block-spacer\"><\/div>\n<\/div>\n<\/div><\/div>\n\n\n\n<div class=\"wp-block-uagb-container uagb-block-fb32e4bf alignfull uagb-is-root-container\"><div class=\"uagb-container-inner-blocks-wrap\">\n<div class=\"wp-block-uagb-testimonial uagb-slick-carousel uagb-tm__arrow-outside uagb-block-9c9f7caf uagb-post__carousel_notset uagb-post__carousel_notset-tablet uagb-post__carousel_notset-mobile\"><div class=\"is-carousel uagb-tm__columns-1 uagb-tm__items\"><div class=\"uagb-testimonial__wrap  uagb-tm__imgicon-style-circle uagb-tm__image-position-top uagb-tm__bg-type-none\"><div class=\"uagb-tm__content\"><div class=\"uagb-tm__overlay\"><\/div><div class=\"uagb-tm__image-content\"><div class=\"uagb-tm__image\"><img decoding=\"async\" class=\"uagb-tm-img-src\" src=\"https:\/\/veritas.situada.online\/wp-content\/uploads\/2024\/02\/cropped-VERITAS-2-2-150x150.png\" alt=\"\" width=\"80\" height=\"80\" loading=\"lazy\"\/><\/div><\/div><div class=\"uagb-tm__text-wrap\"><div class=\"uagb-tm__desc\">La equidad en la tecnolog\u00eda no es un privilegio, es un derecho. Solo desafiando las estructuras de poder podremos construir un futuro digital inclusivo para todas las personas.<\/div><div class=\"uagb-tm__meta-inner\"><div class=\"uagb-testimonial-details\"><span class=\"uagb-tm__author-name\"><\/span><span class=\"uagb-tm__company\"><\/span><\/div><\/div><\/div><\/div><\/div><\/div><\/div>\n<\/div><\/div>\n\n\n\n<div class=\"wp-block-uagb-container uagb-block-f3942af0 alignfull uagb-is-root-container\"><div class=\"uagb-container-inner-blocks-wrap\">\n<div class=\"wp-block-uagb-container uagb-block-bcac75b1\">\n<div class=\"wp-block-uagb-info-box uagb-block-a01009d9 uagb-infobox__content-wrap  uagb-infobox-icon-above-title uagb-infobox-image-valign-top\"><div class=\"uagb-ifb-content\"><div class=\"uagb-ifb-title-wrap\"><span class=\"uagb-ifb-title-prefix\">About the Project<\/span><h4 class=\"uagb-ifb-title\"><strong><strong>Implications between Gender and Technology in LAC<\/strong><\/strong><\/h4><\/div><p class=\"uagb-ifb-desc\">VERITAS explora las intersecciones entre tecnolog\u00eda y g\u00e9nero en ALAC, destacando los riesgos de las tecnolog\u00edas emergentes para las mujeres. El proyecto visibiliza desigualdades digitales y ciberviolencias, y promueve estrategias feministas inclusivas para transformar entornos digitales en espacios m\u00e1s equitativos, seguros y \u00e9ticos.<\/p><div class=\"uagb-ifb-button-wrapper wp-block-button\"><a href=\"https:\/\/veritas.situada.online\/en\/proyecto\/\" class=\"uagb-infobox-cta-link wp-block-button__link\" target=\"_self\" rel=\"noopener noreferrer\" onclick=\"return true;\"><span class=\"uagb-inline-editing\">Read more<\/span><svg xmlns=\"https:\/\/www.w3.org\/2000\/svg\" viewbox=\"0 0 448 512\"><path d=\"M438.6 278.6l-160 160C272.4 444.9 264.2 448 256 448s-16.38-3.125-22.62-9.375c-12.5-12.5-12.5-32.75 0-45.25L338.8 288H32C14.33 288 .0016 273.7 .0016 256S14.33 224 32 224h306.8l-105.4-105.4c-12.5-12.5-12.5-32.75 0-45.25s32.75-12.5 45.25 0l160 160C451.1 245.9 451.1 266.1 438.6 278.6z\"><\/path><\/svg><\/a><\/div><\/div><\/div>\n<\/div>\n\n\n\n<div class=\"wp-block-uagb-container uagb-block-0408e4b0\">\n<div class=\"wp-block-uagb-image uagb-block-db147eec wp-block-uagb-image--layout-default wp-block-uagb-image--effect-static wp-block-uagb-image--align-none\"><figure class=\"wp-block-uagb-image__figure\"><img decoding=\"async\" srcset=\"https:\/\/veritas.situada.online\/wp-content\/uploads\/2024\/03\/equipo-scaled-e1709359757690-967x1024.jpg ,https:\/\/veritas.situada.online\/wp-content\/uploads\/2024\/03\/equipo-scaled-e1709359757690.jpg 780w, https:\/\/veritas.situada.online\/wp-content\/uploads\/2024\/03\/equipo-scaled-e1709359757690.jpg 360w\" sizes=\"(max-width: 480px) 150px\" src=\"https:\/\/veritas.situada.online\/wp-content\/uploads\/2024\/03\/equipo-scaled-e1709359757690-967x1024.jpg\" alt=\"\" class=\"uag-image-2014\" width=\"967\" height=\"1024\" title=\"\" loading=\"lazy\" role=\"img\"\/><\/figure><\/div>\n<\/div>\n<\/div><\/div>\n\n\n\n<div class=\"wp-block-uagb-container uagb-block-131e8ea3 alignfull uagb-is-root-container\"><div class=\"uagb-container-inner-blocks-wrap\">\n<div class=\"wp-block-uagb-container uagb-block-aefe67cb alignfull uagb-is-root-container\"><div class=\"uagb-container-inner-blocks-wrap\">\n<div class=\"wp-block-uagb-container uagb-block-e0947174\">\n<div class=\"wp-block-uagb-info-box uagb-block-5f20f68d uagb-infobox__content-wrap  uagb-infobox-icon-above-title uagb-infobox-image-valign-top\"><div class=\"uagb-ifb-content\"><div class=\"uagb-ifb-image-content\"><img decoding=\"async\" src=\"https:\/\/sesgos.situada.online\/wp-content\/uploads\/2024\/08\/Comunes-Digitales.png\" alt=\"\" width=\"\" height=\"0\" loading=\"lazy\"\/><\/div><div class=\"uagb-ifb-title-wrap\"><h3 class=\"uagb-ifb-title\">Comunes Digitales<\/h3><\/div><p class=\"uagb-ifb-desc\">Este proyecto investiga el impacto de los comunes digitales en la regi\u00f3n, con un enfoque en comprender el papel de los comunes digitales feministas y su influencia en la lucha por la igualdad de g\u00e9nero y la justicia social. Utilizando un enfoque interdisciplinario, profundiza en su comprensi\u00f3n y su relaci\u00f3n con los movimientos feministas locales.<br><\/p><div class=\"uagb-ifb-button-wrapper wp-block-button\"><a href=\"https:\/\/comunes.situada.online\/\" class=\"uagb-infobox-cta-link wp-block-button__link\" target=\"_blank\" rel=\"noopener noreferrer\" onclick=\"return true;\"><span class=\"uagb-inline-editing\">Read More<\/span><svg xmlns=\"https:\/\/www.w3.org\/2000\/svg\" viewbox=\"0 0 512 512\"><path d=\"M504.3 273.6l-112.1 104c-6.992 6.484-17.18 8.218-25.94 4.406c-8.758-3.812-14.42-12.45-14.42-21.1L351.9 288H32C14.33 288 .0002 273.7 .0002 255.1S14.33 224 32 224h319.9l0-72c0-9.547 5.66-18.19 14.42-22c8.754-3.809 18.95-2.075 25.94 4.41l112.1 104C514.6 247.9 514.6 264.1 504.3 273.6z\"><\/path><\/svg><\/a><\/div><\/div><\/div>\n<\/div>\n\n\n\n<div class=\"wp-block-uagb-container uagb-block-83aa7a95\">\n<div class=\"wp-block-uagb-info-box uagb-block-28f3862b uagb-infobox__content-wrap  uagb-infobox-icon-above-title uagb-infobox-image-valign-top\"><div class=\"uagb-ifb-content\"><div class=\"uagb-ifb-image-content\"><img decoding=\"async\" src=\"https:\/\/veritas.situada.online\/wp-content\/uploads\/2024\/12\/Sesgos-en-el-Desarrollo-Tecnologico.png\" alt=\"\" width=\"\" height=\"0\" loading=\"lazy\"\/><\/div><div class=\"uagb-ifb-title-wrap\"><h3 class=\"uagb-ifb-title\">Sesgos en el Desarrollo Tencnol\u00f3gico<\/h3><\/div><p class=\"uagb-ifb-desc\">Este proyecto investiga las desigualdades interseccionales en tecnolog\u00eda en ALAC, examinando brechas en pol\u00edticas STEM, ciencia y startups. Desde una perspectiva feminista, propone recomendaciones inclusivas para transformar el ecosistema tecnol\u00f3gico y garantizar un acceso equitativo, fomentando herramientas justas y colaborativas.<br><a href=\"https:\/\/resistencias.situada.online\/\"><\/a><\/p><div class=\"uagb-ifb-button-wrapper wp-block-button\"><a href=\"https:\/\/sesgos.situada.online\/\" class=\"uagb-infobox-cta-link wp-block-button__link\" target=\"_blank\" rel=\"noopener noreferrer\" onclick=\"return true;\"><span class=\"uagb-inline-editing\">Read More<\/span><svg xmlns=\"https:\/\/www.w3.org\/2000\/svg\" viewbox=\"0 0 512 512\"><path d=\"M504.3 273.6l-112.1 104c-6.992 6.484-17.18 8.218-25.94 4.406c-8.758-3.812-14.42-12.45-14.42-21.1L351.9 288H32C14.33 288 .0002 273.7 .0002 255.1S14.33 224 32 224h319.9l0-72c0-9.547 5.66-18.19 14.42-22c8.754-3.809 18.95-2.075 25.94 4.41l112.1 104C514.6 247.9 514.6 264.1 504.3 273.6z\"><\/path><\/svg><\/a><\/div><\/div><\/div>\n<\/div>\n<\/div><\/div>\n<\/div><\/div>\n\n\n\n<div style=\"height:63px\" aria-hidden=\"true\" class=\"wp-block-spacer\"><\/div>\n\n\n\n<div class=\"wp-block-uagb-container uagb-block-05a4a518 alignfull uagb-is-root-container\"><div class=\"uagb-container-inner-blocks-wrap\">\n<div class=\"wp-block-uagb-info-box uagb-block-9a97965e uagb-infobox__content-wrap  uagb-infobox-icon-above-title uagb-infobox-image-valign-top\"><div class=\"uagb-ifb-content\"><div class=\"uagb-ifb-title-wrap\"><h1 class=\"uagb-ifb-title\">situada.online<\/h1><\/div><p class=\"uagb-ifb-desc\">From a critical perspective, we explore and question the power dynamics in technology in Latin America and the Caribbean, seeking to transform them towards a more socially just world.<\/p><div class=\"uagb-ifb-button-wrapper wp-block-button\"><a href=\"https:\/\/situada.online\/\" class=\"uagb-infobox-cta-link wp-block-button__link\" target=\"_blank\" rel=\"noopener noreferrer\" onclick=\"return true;\"><span class=\"uagb-inline-editing\">Read more<\/span><svg xmlns=\"https:\/\/www.w3.org\/2000\/svg\" viewbox=\"0 0 448 512\"><path d=\"M438.6 278.6l-160 160C272.4 444.9 264.2 448 256 448s-16.38-3.125-22.62-9.375c-12.5-12.5-12.5-32.75 0-45.25L338.8 288H32C14.33 288 .0016 273.7 .0016 256S14.33 224 32 224h306.8l-105.4-105.4c-12.5-12.5-12.5-32.75 0-45.25s32.75-12.5 45.25 0l160 160C451.1 245.9 451.1 266.1 438.6 278.6z\"><\/path><\/svg><\/a><\/div><\/div><\/div>\n<\/div><\/div>","protected":false},"excerpt":{"rendered":"<p>VERITAS ALAC Vulnerabilidades, Estrategias y Reflexiones sobre la Innovaci\u00f3n Tecnol\u00f3gica y Asimetr\u00edas de G\u00e9nero en Am\u00e9rica Latina y el Caribe Exploramos las vulnerabilidades y desigualdades de g\u00e9nero en la innovaci\u00f3n tecnol\u00f3gica en Am\u00e9rica Latina y el Caribe Con un enfoque feminista situado, exploramos c\u00f3mo las desigualdades de g\u00e9nero interact\u00faan con la innovaci\u00f3n tecnol\u00f3gica en ALAC, [&hellip;]<\/p>","protected":false},"author":1,"featured_media":0,"parent":0,"menu_order":0,"comment_status":"closed","ping_status":"closed","template":"","meta":{"_uag_custom_page_level_css":"","site-sidebar-layout":"no-sidebar","site-content-layout":"page-builder","ast-site-content-layout":"full-width-container","site-content-style":"unboxed","site-sidebar-style":"unboxed","ast-global-header-display":"","ast-banner-title-visibility":"","ast-main-header-display":"","ast-hfb-above-header-display":"","ast-hfb-below-header-display":"","ast-hfb-mobile-header-display":"","site-post-title":"disabled","ast-breadcrumbs-content":"","ast-featured-img":"disabled","footer-sml-layout":"","theme-transparent-header-meta":"enabled","adv-header-id-meta":"","stick-header-meta":"","header-above-stick-meta":"","header-main-stick-meta":"","header-below-stick-meta":"","astra-migrate-meta-layouts":"set","ast-page-background-enabled":"default","ast-page-background-meta":{"desktop":{"background-color":"var(--ast-global-color-4)","background-image":"","background-repeat":"repeat","background-position":"center center","background-size":"auto","background-attachment":"scroll","background-type":"","background-media":"","overlay-type":"","overlay-color":"","overlay-gradient":""},"tablet":{"background-color":"","background-image":"","background-repeat":"repeat","background-position":"center center","background-size":"auto","background-attachment":"scroll","background-type":"","background-media":"","overlay-type":"","overlay-color":"","overlay-gradient":""},"mobile":{"background-color":"","background-image":"","background-repeat":"repeat","background-position":"center center","background-size":"auto","background-attachment":"scroll","background-type":"","background-media":"","overlay-type":"","overlay-color":"","overlay-gradient":""}},"ast-content-background-meta":{"desktop":{"background-color":"var(--ast-global-color-5)","background-image":"","background-repeat":"repeat","background-position":"center center","background-size":"auto","background-attachment":"scroll","background-type":"","background-media":"","overlay-type":"","overlay-color":"","overlay-gradient":""},"tablet":{"background-color":"var(--ast-global-color-5)","background-image":"","background-repeat":"repeat","background-position":"center center","background-size":"auto","background-attachment":"scroll","background-type":"","background-media":"","overlay-type":"","overlay-color":"","overlay-gradient":""},"mobile":{"background-color":"var(--ast-global-color-5)","background-image":"","background-repeat":"repeat","background-position":"center center","background-size":"auto","background-attachment":"scroll","background-type":"","background-media":"","overlay-type":"","overlay-color":"","overlay-gradient":""}},"footnotes":""},"uagb_featured_image_src":{"full":false,"thumbnail":false,"medium":false,"medium_large":false,"large":false,"1536x1536":false,"2048x2048":false,"trp-custom-language-flag":false},"uagb_author_info":{"display_name":"constanza.gonzalezveliz","author_link":"https:\/\/veritas.situada.online\/en\/author\/constanza-gonzalezveliz\/"},"uagb_comment_info":0,"uagb_excerpt":"VERITAS ALAC Vulnerabilidades, Estrategias y Reflexiones sobre la Innovaci\u00f3n Tecnol\u00f3gica y Asimetr\u00edas de G\u00e9nero en Am\u00e9rica Latina y el Caribe Exploramos las vulnerabilidades y desigualdades de g\u00e9nero en la innovaci\u00f3n tecnol\u00f3gica en Am\u00e9rica Latina y el Caribe Con un enfoque feminista situado, exploramos c\u00f3mo las desigualdades de g\u00e9nero interact\u00faan con la innovaci\u00f3n tecnol\u00f3gica en ALAC,&hellip;","_links":{"self":[{"href":"https:\/\/veritas.situada.online\/en\/wp-json\/wp\/v2\/pages\/1322"}],"collection":[{"href":"https:\/\/veritas.situada.online\/en\/wp-json\/wp\/v2\/pages"}],"about":[{"href":"https:\/\/veritas.situada.online\/en\/wp-json\/wp\/v2\/types\/page"}],"author":[{"embeddable":true,"href":"https:\/\/veritas.situada.online\/en\/wp-json\/wp\/v2\/users\/1"}],"replies":[{"embeddable":true,"href":"https:\/\/veritas.situada.online\/en\/wp-json\/wp\/v2\/comments?post=1322"}],"version-history":[{"count":81,"href":"https:\/\/veritas.situada.online\/en\/wp-json\/wp\/v2\/pages\/1322\/revisions"}],"predecessor-version":[{"id":2353,"href":"https:\/\/veritas.situada.online\/en\/wp-json\/wp\/v2\/pages\/1322\/revisions\/2353"}],"wp:attachment":[{"href":"https:\/\/veritas.situada.online\/en\/wp-json\/wp\/v2\/media?parent=1322"}],"curies":[{"name":"wp","href":"https:\/\/api.w.org\/{rel}","templated":true}]}}