{"id":1963,"date":"2024-03-02T04:58:19","date_gmt":"2024-03-02T03:58:19","guid":{"rendered":"https:\/\/veritas.situada.online\/?page_id=1963"},"modified":"2024-12-15T03:17:13","modified_gmt":"2024-12-15T02:17:13","slug":"desafiosydimensionesdeladesinformacionenalac","status":"publish","type":"page","link":"https:\/\/veritas.situada.online\/en\/proyecto\/desafiosydimensionesdeladesinformacionenalac\/","title":{"rendered":"Challenges and Dimensions of Disinformation in LAC"},"content":{"rendered":"<div class=\"wp-block-uagb-container uagb-block-3ad17e27 alignfull uagb-is-root-container\"><div class=\"uagb-container-inner-blocks-wrap\">\n<div class=\"wp-block-uagb-advanced-heading uagb-block-8a1eebc0\"><h1 class=\"uagb-heading-text\">Challenges and Dimensions of Disinformation in LAC: Deepfakes and the Urgency to Protect Women's Rights<\/h1><\/div>\n<\/div><\/div>\n\n\n\n<div class=\"wp-block-uagb-container uagb-block-f8ec2bd3 alignfull uagb-is-root-container\"><div class=\"uagb-container-inner-blocks-wrap\">\n<div class=\"wp-block-uagb-info-box uagb-block-4ac35e7e uagb-infobox__content-wrap  uagb-infobox-icon-above-title uagb-infobox-image-valign-top\"><div class=\"uagb-ifb-content\"><div class=\"uagb-ifb-title-wrap\"><\/div><p class=\"uagb-ifb-desc\">The present work is an analysis that addresses the challenges and dimensions of misinformation, focusing on the proliferation of deepfakes and their disproportionate impact on women. From the emergence of fake news to the emergence of deepfake technologies, a transformation in social interaction with information stands out. <br><br>The accelerated spread of disinformation, manifested in forms such as deepfakes, presents significant risks to individual perception and democratic participation. Deepfakes, videos manipulated using artificial intelligence, represent a more advanced and challenging phenomenon than fake news by hyper-realistically recreating non-existent situations. <br><br>It examines how these technologies, initially developed for creative purposes have become digital weapons aimed primarily at women. Gender-based cyber violence, manifested in pornographic deepfakes and online harassment, compromises the privacy, reputation, and mental health of women, undermining gender equality in the digital environment. The absence of specific regulatory frameworks and the insufficiency of reliable detection methods pose ethical and human rights challenges. <br><br>This paper highlights the urgency of adopting gender approaches in cybersecurity policies, promoting information literacy and critical thinking, and closing the gender gap in access to and use of digital technologies.<br><br>The conclusion highlights the imperative need to protect women's rights online through continued research, targeted regulatory frameworks, and effective strategies to prevent digital violence.<\/p><\/div><\/div>\n<\/div><\/div>\n\n\n\n<div style=\"height:100px\" aria-hidden=\"true\" class=\"wp-block-spacer\"><\/div>\n\n\n\n<div class=\"wp-block-uagb-container uagb-block-b6cdda32 alignfull uagb-is-root-container\"><div class=\"uagb-container-inner-blocks-wrap\">\n<div class=\"wp-block-uagb-container uagb-block-d27269c1\">\n<div class=\"wp-block-uagb-image uagb-block-eaea706f wp-block-uagb-image--layout-default wp-block-uagb-image--effect-static wp-block-uagb-image--align-none\"><figure class=\"wp-block-uagb-image__figure\"><img decoding=\"async\" srcset=\"https:\/\/veritas.situada.online\/wp-content\/uploads\/2024\/03\/Portada_Desafios-y-Dimensiones-de-la-Desinformacion-en-ALAC-Deepfakes-y-la-Urgencia-de-Proteger-los-Derechos-de-las-Mujeres.jpg ,https:\/\/veritas.situada.online\/wp-content\/uploads\/2024\/03\/Portada_Desafios-y-Dimensiones-de-la-Desinformacion-en-ALAC-Deepfakes-y-la-Urgencia-de-Proteger-los-Derechos-de-las-Mujeres.jpg 780w, https:\/\/veritas.situada.online\/wp-content\/uploads\/2024\/03\/Portada_Desafios-y-Dimensiones-de-la-Desinformacion-en-ALAC-Deepfakes-y-la-Urgencia-de-Proteger-los-Derechos-de-las-Mujeres.jpg 360w\" sizes=\"(max-width: 480px) 150px\" src=\"https:\/\/veritas.situada.online\/wp-content\/uploads\/2024\/03\/Portada_Desafios-y-Dimensiones-de-la-Desinformacion-en-ALAC-Deepfakes-y-la-Urgencia-de-Proteger-los-Derechos-de-las-Mujeres.jpg\" alt=\"\" class=\"uag-image-2170\" width=\"1275\" height=\"1650\" title=\"Portada_Desaf\u00edos y Dimensiones de la Desinformaci\u00f3n en ALAC Deepfakes y la Urgencia de Proteger los Derechos de las Mujeres\" loading=\"lazy\"\/><\/figure><\/div>\n<\/div>\n\n\n\n<div class=\"wp-block-uagb-container uagb-block-71d87b5e\">\n<div class=\"wp-block-uagb-buttons uagb-buttons__outer-wrap uagb-btn__default-btn uagb-btn-tablet__default-btn uagb-btn-mobile__default-btn uagb-block-fe7d767b\"><div class=\"uagb-buttons__wrap uagb-buttons-layout-wrap\">\n<div class=\"wp-block-uagb-buttons-child uagb-buttons__outer-wrap uagb-block-20c6ed40 wp-block-button\"><div class=\"uagb-button__wrapper\"><a class=\"uagb-buttons-repeater wp-block-button__link\" aria-label=\"\" href=\"https:\/\/www.espacioimasd.unach.mx\/index.php\/Inicio\/article\/view\/392\" rel=\"follow noopener\" target=\"_blank\"><div class=\"uagb-button__link\">Descarga en espa\u00f1ol<\/div><\/a><\/div><\/div>\n<\/div><\/div>\n\n\n\n<div class=\"wp-block-uagb-buttons uagb-buttons__outer-wrap uagb-btn__default-btn uagb-btn-tablet__default-btn uagb-btn-mobile__default-btn uagb-block-17478226\"><div class=\"uagb-buttons__wrap uagb-buttons-layout-wrap\">\n<div class=\"wp-block-uagb-buttons-child uagb-buttons__outer-wrap uagb-block-85fecbef wp-block-button\"><div class=\"uagb-button__wrapper\"><a class=\"uagb-buttons-repeater wp-block-button__link\" aria-label=\"\" href=\"https:\/\/drive.google.com\/file\/d\/1LSJY4IM5YQAMovkPLScN1qr-9sivS9Cs\/view?usp=sharing\" rel=\"follow noopener\" target=\"_blank\"><div class=\"uagb-button__link\">Download in English<\/div><\/a><\/div><\/div>\n<\/div><\/div>\n<\/div>\n<\/div><\/div>\n\n\n\n<div class=\"wp-block-uagb-separator uagb-block-abb3706b\"><div class=\"wp-block-uagb-separator__inner\" style=\"--my-background-image:url(&quot;data:image\/svg+xml,%3Csvg width='16' height='16' viewBox='0 0 16 16' fill='none' xmlns='http:\/\/www.w3.org\/2000\/svg'%3E%3Cpath d='M6.29312 16.9999L17 6.29302M14.2931 16.9999L17 14.293M-0.707031 15.9999L16.0002 -0.707153M8.00017 -0.707153L-0.706882 7.9999' stroke='black'\/%3E%3C\/svg%3E&quot;)\"><\/div><\/div>\n\n\n\n<div class=\"wp-block-uagb-container uagb-block-2cbc39de alignfull uagb-is-root-container\"><div class=\"uagb-container-inner-blocks-wrap\">\n<div class=\"wp-block-uagb-image aligncenter uagb-block-6aae3202 wp-block-uagb-image--layout-default wp-block-uagb-image--effect-static wp-block-uagb-image--align-center\"><figure class=\"wp-block-uagb-image__figure\"><img decoding=\"async\" srcset=\"https:\/\/veritas.situada.online\/wp-content\/uploads\/2024\/03\/1.2.-Deepfake-infographic.png 1587w, https:\/\/veritas.situada.online\/wp-content\/uploads\/2024\/03\/1.2.-Deepfake-infographic-212x300.png 212w, https:\/\/veritas.situada.online\/wp-content\/uploads\/2024\/03\/1.2.-Deepfake-infographic-724x1024.png 724w, https:\/\/veritas.situada.online\/wp-content\/uploads\/2024\/03\/1.2.-Deepfake-infographic-768x1086.png 768w, https:\/\/veritas.situada.online\/wp-content\/uploads\/2024\/03\/1.2.-Deepfake-infographic-1086x1536.png 1086w, https:\/\/veritas.situada.online\/wp-content\/uploads\/2024\/03\/1.2.-Deepfake-infographic-1448x2048.png 1448w, https:\/\/veritas.situada.online\/wp-content\/uploads\/2024\/03\/1.2.-Deepfake-infographic-8x12.png 8w\" sizes=\"(max-width: 480px) 150px\" src=\"https:\/\/veritas.situada.online\/wp-content\/uploads\/2024\/03\/1.2.-Deepfake-infographic.png\" alt=\"\" class=\"uag-image-2176\" width=\"667\" height=\"945\" title=\"1.1. Infograf\u00eda deepfake\" loading=\"lazy\"\/><\/figure><\/div>\n<\/div><\/div>\n\n\n\n<div class=\"wp-block-uagb-separator uagb-block-084323df\"><div class=\"wp-block-uagb-separator__inner\" style=\"--my-background-image:url(&quot;data:image\/svg+xml,%3Csvg width='16' height='16' viewBox='0 0 16 16' fill='none' xmlns='http:\/\/www.w3.org\/2000\/svg'%3E%3Cpath d='M6.29312 16.9999L17 6.29302M14.2931 16.9999L17 14.293M-0.707031 15.9999L16.0002 -0.707153M8.00017 -0.707153L-0.706882 7.9999' stroke='black'\/%3E%3C\/svg%3E&quot;)\"><\/div><\/div>\n\n\n\n<div class=\"wp-block-uagb-container uagb-block-41c6adb9 alignfull uagb-is-root-container\"><div class=\"uagb-container-inner-blocks-wrap\">\n<div class=\"wp-block-uagb-info-box uagb-block-962f0960 uagb-infobox__content-wrap  uagb-infobox-icon-above-title uagb-infobox-image-valign-top\"><div class=\"uagb-ifb-content\"><div class=\"uagb-ifb-title-wrap\"><h3 class=\"uagb-ifb-title\">Reference<\/h3><\/div><p class=\"uagb-ifb-desc\">Gonz\u00e1lez-V\u00e9liz, C. y Cuzcano-Chavez, X. (2024). Desaf\u00edos y dimensiones de la desinformaci\u00f3n en ALAC: deepfakes y la urgencia de proteger los derechos de las mujeres. Revista Espacio I+D, Innovaci\u00f3n m\u00e1s Desarrollo, 13(36), pp 162-175. <a href=\"https:\/\/www.espacioimasd.unach.mx\/index.php\/Inicio\/article\/view\/392\" target=\"_blank\" rel=\"noreferrer noopener\">https:\/\/www.espacioimasd.unach.mx\/index.php\/Inicio\/article\/view\/392<\/a><\/p><\/div><\/div>\n<\/div><\/div>\n\n\n\n<div class=\"wp-block-uagb-separator uagb-block-e785e020\"><div class=\"wp-block-uagb-separator__inner\" style=\"--my-background-image:\"><\/div><\/div>","protected":false},"excerpt":{"rendered":"<p>Challenges and Dimensions of Disinformation in LAC: Deepfakes and the Urgency to Protect Women's Rights<\/p>","protected":false},"author":1,"featured_media":0,"parent":1324,"menu_order":0,"comment_status":"closed","ping_status":"closed","template":"","meta":{"_uag_custom_page_level_css":"","site-sidebar-layout":"no-sidebar","site-content-layout":"page-builder","ast-site-content-layout":"full-width-container","site-content-style":"unboxed","site-sidebar-style":"default","ast-global-header-display":"","ast-banner-title-visibility":"","ast-main-header-display":"","ast-hfb-above-header-display":"","ast-hfb-below-header-display":"","ast-hfb-mobile-header-display":"","site-post-title":"disabled","ast-breadcrumbs-content":"","ast-featured-img":"disabled","footer-sml-layout":"","theme-transparent-header-meta":"enabled","adv-header-id-meta":"","stick-header-meta":"","header-above-stick-meta":"","header-main-stick-meta":"","header-below-stick-meta":"","astra-migrate-meta-layouts":"set","ast-page-background-enabled":"default","ast-page-background-meta":{"desktop":{"background-color":"var(--ast-global-color-4)","background-image":"","background-repeat":"repeat","background-position":"center center","background-size":"auto","background-attachment":"scroll","background-type":"","background-media":"","overlay-type":"","overlay-color":"","overlay-gradient":""},"tablet":{"background-color":"","background-image":"","background-repeat":"repeat","background-position":"center center","background-size":"auto","background-attachment":"scroll","background-type":"","background-media":"","overlay-type":"","overlay-color":"","overlay-gradient":""},"mobile":{"background-color":"","background-image":"","background-repeat":"repeat","background-position":"center center","background-size":"auto","background-attachment":"scroll","background-type":"","background-media":"","overlay-type":"","overlay-color":"","overlay-gradient":""}},"ast-content-background-meta":{"desktop":{"background-color":"var(--ast-global-color-5)","background-image":"","background-repeat":"repeat","background-position":"center center","background-size":"auto","background-attachment":"scroll","background-type":"","background-media":"","overlay-type":"","overlay-color":"","overlay-gradient":""},"tablet":{"background-color":"var(--ast-global-color-5)","background-image":"","background-repeat":"repeat","background-position":"center center","background-size":"auto","background-attachment":"scroll","background-type":"","background-media":"","overlay-type":"","overlay-color":"","overlay-gradient":""},"mobile":{"background-color":"var(--ast-global-color-5)","background-image":"","background-repeat":"repeat","background-position":"center center","background-size":"auto","background-attachment":"scroll","background-type":"","background-media":"","overlay-type":"","overlay-color":"","overlay-gradient":""}},"footnotes":""},"uagb_featured_image_src":{"full":false,"thumbnail":false,"medium":false,"medium_large":false,"large":false,"1536x1536":false,"2048x2048":false,"trp-custom-language-flag":false},"uagb_author_info":{"display_name":"constanza.gonzalezveliz","author_link":"https:\/\/veritas.situada.online\/en\/author\/constanza-gonzalezveliz\/"},"uagb_comment_info":0,"uagb_excerpt":"Desaf\u00edos y Dimensiones de la Desinformaci\u00f3n en ALAC: Deepfakes y la Urgencia de Proteger los Derechos de las Mujeres","_links":{"self":[{"href":"https:\/\/veritas.situada.online\/en\/wp-json\/wp\/v2\/pages\/1963"}],"collection":[{"href":"https:\/\/veritas.situada.online\/en\/wp-json\/wp\/v2\/pages"}],"about":[{"href":"https:\/\/veritas.situada.online\/en\/wp-json\/wp\/v2\/types\/page"}],"author":[{"embeddable":true,"href":"https:\/\/veritas.situada.online\/en\/wp-json\/wp\/v2\/users\/1"}],"replies":[{"embeddable":true,"href":"https:\/\/veritas.situada.online\/en\/wp-json\/wp\/v2\/comments?post=1963"}],"version-history":[{"count":33,"href":"https:\/\/veritas.situada.online\/en\/wp-json\/wp\/v2\/pages\/1963\/revisions"}],"predecessor-version":[{"id":2295,"href":"https:\/\/veritas.situada.online\/en\/wp-json\/wp\/v2\/pages\/1963\/revisions\/2295"}],"up":[{"embeddable":true,"href":"https:\/\/veritas.situada.online\/en\/wp-json\/wp\/v2\/pages\/1324"}],"wp:attachment":[{"href":"https:\/\/veritas.situada.online\/en\/wp-json\/wp\/v2\/media?parent=1963"}],"curies":[{"name":"wp","href":"https:\/\/api.w.org\/{rel}","templated":true}]}}