{"id":1971,"date":"2024-03-02T05:23:40","date_gmt":"2024-03-02T04:23:40","guid":{"rendered":"https:\/\/veritas.situada.online\/?page_id=1971"},"modified":"2025-11-12T06:03:36","modified_gmt":"2025-11-12T05:03:36","slug":"analisis-apps-deepfake","status":"publish","type":"page","link":"https:\/\/veritas.situada.online\/en\/proyecto\/analisis-apps-deepfake\/","title":{"rendered":"An\u00e1lisis del abuso de Aplicaciones Deepfakes y su impacto en la Violencia Digital de G\u00e9nero"},"content":{"rendered":"<div class=\"wp-block-uagb-container uagb-block-3ad17e27 alignfull uagb-is-root-container\"><div class=\"uagb-container-inner-blocks-wrap\">\n<div class=\"wp-block-uagb-advanced-heading uagb-block-8a1eebc0\"><h1 class=\"uagb-heading-text\">An\u00e1lisis del abuso de aplicaciones deepfake y su impacto en la violencia digital de g\u00e9nero<\/h1><\/div>\n<\/div><\/div>\n\n\n\n<div class=\"wp-block-uagb-container uagb-block-f8ec2bd3 alignfull uagb-is-root-container\"><div class=\"uagb-container-inner-blocks-wrap\">\n<div class=\"wp-block-uagb-info-box uagb-block-4ac35e7e uagb-infobox__content-wrap  uagb-infobox-icon-above-title uagb-infobox-image-valign-top\"><div class=\"uagb-ifb-content\"><div class=\"uagb-ifb-title-wrap\"><\/div><p class=\"uagb-ifb-desc\">VERITAS analiza el auge de aplicaciones deepfake en Am\u00e9rica Latina y el Caribe (ALAC), enfoc\u00e1ndose en su disponibilidad, facilidad de uso y los riesgos que representan en contextos de desigualdad estructural y violencia digital de g\u00e9nero. <br><br>Se realiz\u00f3 una recolecci\u00f3n automatizada de datos mediante una API, identificando 105 aplicaciones deepfake disponibles a diciembre de 2024 en Google Play. <br><br>Los  hallazgos evidencian un dise\u00f1o intencionado que facilita la adopci\u00f3n de estas aplicaciones, eliminando barreras t\u00e9cnicas y normalizando la cosificaci\u00f3n de los cuerpos de las mujeres, siendo el 89.5% de estas herramientas un potencial peligro para ellas.<\/p><\/div><\/div>\n<\/div><\/div>\n\n\n\n<div style=\"height:100px\" aria-hidden=\"true\" class=\"wp-block-spacer\"><\/div>\n\n\n\n<div class=\"wp-block-uagb-container uagb-block-b6cdda32 alignfull uagb-is-root-container\"><div class=\"uagb-container-inner-blocks-wrap\">\n<div class=\"wp-block-uagb-container uagb-block-d27269c1\">\n<div class=\"wp-block-uagb-image uagb-block-eaea706f wp-block-uagb-image--layout-default wp-block-uagb-image--effect-static wp-block-uagb-image--align-none\"><figure class=\"wp-block-uagb-image__figure\"><img decoding=\"async\" srcset=\"https:\/\/veritas.situada.online\/wp-content\/uploads\/2025\/11\/Captura-desde-2025-11-11-23-25-15.png ,https:\/\/veritas.situada.online\/wp-content\/uploads\/2025\/11\/Captura-desde-2025-11-11-23-25-15.png 780w, https:\/\/veritas.situada.online\/wp-content\/uploads\/2025\/11\/Captura-desde-2025-11-11-23-25-15.png 360w\" sizes=\"(max-width: 480px) 150px\" src=\"https:\/\/veritas.situada.online\/wp-content\/uploads\/2025\/11\/Captura-desde-2025-11-11-23-25-15.png\" alt=\"\" class=\"uag-image-2333\" width=\"500\" height=\"500\" title=\"paper-veritas\" loading=\"lazy\" role=\"img\"\/><\/figure><\/div>\n<\/div>\n\n\n\n<div class=\"wp-block-uagb-container uagb-block-71d87b5e\">\n<div class=\"wp-block-uagb-buttons uagb-buttons__outer-wrap uagb-btn__default-btn uagb-btn-tablet__default-btn uagb-btn-mobile__default-btn uagb-block-dbde6507\"><div class=\"uagb-buttons__wrap uagb-buttons-layout-wrap\">\n<div class=\"wp-block-uagb-buttons-child uagb-buttons__outer-wrap uagb-block-049ea353 wp-block-button\"><div class=\"uagb-button__wrapper\"><a class=\"uagb-buttons-repeater wp-block-button__link\" aria-label=\"\" href=\"https:\/\/ojs.uc.cl\/index.php\/veritas\/article\/view\/91826\" rel=\"follow noopener\" target=\"_blank\" role=\"button\"><div class=\"uagb-button__link\">Descarga el art\u00edculo<\/div><\/a><\/div><\/div>\n<\/div><\/div>\n<\/div>\n<\/div><\/div>\n\n\n\n<div class=\"wp-block-uagb-separator uagb-block-abb3706b\"><div class=\"wp-block-uagb-separator__inner\" style=\"--my-background-image:url(&quot;data:image\/svg+xml,%3Csvg width='16' height='16' viewBox='0 0 16 16' fill='none' xmlns='http:\/\/www.w3.org\/2000\/svg'%3E%3Cpath d='M6.29312 16.9999L17 6.29302M14.2931 16.9999L17 14.293M-0.707031 15.9999L16.0002 -0.707153M8.00017 -0.707153L-0.706882 7.9999' stroke='black'\/%3E%3C\/svg%3E&quot;)\"><\/div><\/div>\n\n\n\n<div class=\"wp-block-uagb-container uagb-block-2cbc39de alignfull uagb-is-root-container\"><div class=\"uagb-container-inner-blocks-wrap\">\n<div class=\"wp-block-uagb-info-box uagb-block-5596272d uagb-infobox__content-wrap  uagb-infobox-icon-above-title uagb-infobox-image-valign-top uag-hide-desktop uag-hide-tab uag-hide-mob\"><div class=\"uagb-ifb-content\"><div class=\"uagb-ifb-title-wrap\"><h3 class=\"uagb-ifb-title\">Timetable<\/h3><\/div><p class=\"uagb-ifb-desc\"><strong><a href=\"https:\/\/veritas.situada.online\/en\/proyecto\/desafiosydimensionesdeladesinformacionenalac\/\" data-type=\"link\" data-id=\"https:\/\/veritas.situada.online\/proyecto\/desafiosydimensionesdeladesinformacionenalac\/\" target=\"_blank\" rel=\"noreferrer noopener\">Challenges and Dimensions of Disinformation in Latin America and the Caribbean<\/a><br><\/strong><em>September 2023 - March 2024<br><\/em><br><strong>An\u00e1lisis del abuso de aplicaciones deepfake <\/strong><br><strong>y su impacto en la violencia digital de g\u00e9nero en Am\u00e9rica Latina y el Caribe<\/strong><br><em>Abril 2024 &#8211; Diciembre 2024<br><\/em><br><strong>Respuestas y Estrategias Feministas ante las Tecnolog\u00edas Emergentes<\/strong><br><em>Enero 2025 &#8211; Marzo 2025<\/em><\/p><\/div><\/div>\n\n\n\n<div class=\"wp-block-uagb-info-box uagb-block-4aaf2690 uagb-infobox__content-wrap  uagb-infobox-icon-above-title uagb-infobox-image-valign-top\"><div class=\"uagb-ifb-content\"><div class=\"uagb-ifb-title-wrap\"><h3 class=\"uagb-ifb-title\">Hallazgos relevantes<\/h3><\/div><\/div><\/div>\n\n\n\n<div class=\"wp-block-group is-layout-constrained wp-block-group-is-layout-constrained\">\n<div class=\"wp-block-uagb-advanced-heading uagb-block-72096d57\" id=\"clasificacion-apps\"><h5 class=\"uagb-heading-text\">Clasificaci\u00f3n enga\u00f1osa en Google Play que permiten apps da\u00f1inas que incitan violencia<\/h5><\/div>\n\n\n\n<div class=\"wp-block-uagb-image uagb-block-e86eceb4 wp-block-uagb-image--layout-default wp-block-uagb-image--effect-static wp-block-uagb-image--align-none\"><figure class=\"wp-block-uagb-image__figure\"><img decoding=\"async\" srcset=\"https:\/\/veritas.situada.online\/wp-content\/uploads\/2025\/11\/imagen2.png ,https:\/\/veritas.situada.online\/wp-content\/uploads\/2025\/11\/imagen2.png 780w, https:\/\/veritas.situada.online\/wp-content\/uploads\/2025\/11\/imagen2.png 360w\" sizes=\"(max-width: 480px) 150px\" src=\"https:\/\/veritas.situada.online\/wp-content\/uploads\/2025\/11\/imagen2.png\" alt=\"\" class=\"uag-image-2338\" width=\"379\" height=\"292\" title=\"clasificacion-apps-deepfake\" loading=\"lazy\" role=\"img\"\/><\/figure><\/div>\n\n\n\n<div style=\"height:19px\" aria-hidden=\"true\" class=\"wp-block-spacer\"><\/div>\n\n\n\n<div class=\"wp-block-uagb-advanced-heading uagb-block-ed888754\" id=\"hipersexualizacion-control\"><h5 class=\"uagb-heading-text\">Hipersexualizaci\u00f3n y control<\/h5><\/div>\n\n\n\n<div class=\"wp-block-uagb-image uagb-block-921912e1 wp-block-uagb-image--layout-default wp-block-uagb-image--effect-static wp-block-uagb-image--align-none\"><figure class=\"wp-block-uagb-image__figure\"><img decoding=\"async\" srcset=\"https:\/\/veritas.situada.online\/wp-content\/uploads\/2025\/11\/imagen4.png ,https:\/\/veritas.situada.online\/wp-content\/uploads\/2025\/11\/imagen4.png 780w, https:\/\/veritas.situada.online\/wp-content\/uploads\/2025\/11\/imagen4.png 360w\" sizes=\"(max-width: 480px) 150px\" src=\"https:\/\/veritas.situada.online\/wp-content\/uploads\/2025\/11\/imagen4.png\" alt=\"\" class=\"uag-image-2343\" width=\"813\" height=\"521\" title=\"control-apps-deepfake\" loading=\"lazy\" role=\"img\"\/><\/figure><\/div>\n\n\n\n<div style=\"height:19px\" aria-hidden=\"true\" class=\"wp-block-spacer\"><\/div>\n\n\n\n<div class=\"wp-block-uagb-advanced-heading uagb-block-ab232c73\" id=\"plantillas-sexualizadas\"><h5 class=\"uagb-heading-text\">Plantillas sexualizadas<\/h5><\/div>\n\n\n\n<div class=\"wp-block-uagb-image uagb-block-801036af wp-block-uagb-image--layout-default wp-block-uagb-image--effect-static wp-block-uagb-image--align-none\"><figure class=\"wp-block-uagb-image__figure\"><img decoding=\"async\" srcset=\"https:\/\/veritas.situada.online\/wp-content\/uploads\/2025\/11\/imagen5.png ,https:\/\/veritas.situada.online\/wp-content\/uploads\/2025\/11\/imagen5-1024x722.png 780w, https:\/\/veritas.situada.online\/wp-content\/uploads\/2025\/11\/imagen5.png 360w\" sizes=\"(max-width: 480px) 150px\" src=\"https:\/\/veritas.situada.online\/wp-content\/uploads\/2025\/11\/imagen5.png\" alt=\"\" class=\"uag-image-2342\" width=\"822\" height=\"579\" title=\"plantillas-apps-deepfake\" loading=\"lazy\" role=\"img\"\/><\/figure><\/div>\n\n\n\n<div style=\"height:19px\" aria-hidden=\"true\" class=\"wp-block-spacer\"><\/div>\n\n\n\n<div class=\"wp-block-uagb-advanced-heading uagb-block-155ddaf4\" id=\"evasion-responsabilidad\"><h5 class=\"uagb-heading-text\">Evasi\u00f3n de responsabilidad<\/h5><\/div>\n\n\n\n<div class=\"wp-block-uagb-image uagb-block-787a0216 wp-block-uagb-image--layout-default wp-block-uagb-image--effect-static wp-block-uagb-image--align-none\"><figure class=\"wp-block-uagb-image__figure\"><img decoding=\"async\" srcset=\"https:\/\/veritas.situada.online\/wp-content\/uploads\/2025\/11\/imagen6.png ,https:\/\/veritas.situada.online\/wp-content\/uploads\/2025\/11\/imagen6.png 780w, https:\/\/veritas.situada.online\/wp-content\/uploads\/2025\/11\/imagen6.png 360w\" sizes=\"(max-width: 480px) 150px\" src=\"https:\/\/veritas.situada.online\/wp-content\/uploads\/2025\/11\/imagen6.png\" alt=\"\" class=\"uag-image-2340\" width=\"974\" height=\"431\" title=\"imagen6\" loading=\"lazy\" role=\"img\"\/><\/figure><\/div>\n<\/div>\n<\/div><\/div>\n\n\n\n<div class=\"wp-block-uagb-separator uagb-block-084323df\"><div class=\"wp-block-uagb-separator__inner\" style=\"--my-background-image:url(&quot;data:image\/svg+xml,%3Csvg width='16' height='16' viewBox='0 0 16 16' fill='none' xmlns='http:\/\/www.w3.org\/2000\/svg'%3E%3Cpath d='M6.29312 16.9999L17 6.29302M14.2931 16.9999L17 14.293M-0.707031 15.9999L16.0002 -0.707153M8.00017 -0.707153L-0.706882 7.9999' stroke='black'\/%3E%3C\/svg%3E&quot;)\"><\/div><\/div>\n\n\n\n<div class=\"wp-block-uagb-container uagb-block-a17e7e85 alignfull uagb-is-root-container\"><div class=\"uagb-container-inner-blocks-wrap\">\n<div class=\"wp-block-uagb-info-box uagb-block-962f0960 uagb-infobox__content-wrap  uagb-infobox-icon-above-title uagb-infobox-image-valign-top\"><div class=\"uagb-ifb-content\"><div class=\"uagb-ifb-title-wrap\"><h3 class=\"uagb-ifb-title\">Nota:<\/h3><\/div><p class=\"uagb-ifb-desc\">El acceso a la base de datos de las apps evaluadas se encuentra restringido \u00fanicamente para fines acad\u00e9micos bajo supervisi\u00f3n, con el objetivo de garantizar un uso responsable de la informaci\u00f3n y evitar cualquier contribuci\u00f3n a la proliferaci\u00f3n de herramientas que puedan ser utilizadas para causar da\u00f1o.<\/p><\/div><\/div>\n<\/div><\/div>\n\n\n\n<div class=\"wp-block-uagb-separator uagb-block-e785e020\"><div class=\"wp-block-uagb-separator__inner\" style=\"--my-background-image:\"><\/div><\/div>","protected":false},"excerpt":{"rendered":"<p>An\u00e1lisis del abuso de aplicaciones deepfake y su impacto en la violencia digital de g\u00e9nero Clasificaci\u00f3n enga\u00f1osa en Google Play que permiten apps da\u00f1inas que incitan violencia Hipersexualizaci\u00f3n y control Plantillas sexualizadas Evasi\u00f3n de responsabilidad<\/p>","protected":false},"author":1,"featured_media":0,"parent":1324,"menu_order":0,"comment_status":"closed","ping_status":"closed","template":"","meta":{"_uag_custom_page_level_css":"","site-sidebar-layout":"no-sidebar","site-content-layout":"page-builder","ast-site-content-layout":"full-width-container","site-content-style":"unboxed","site-sidebar-style":"default","ast-global-header-display":"","ast-banner-title-visibility":"","ast-main-header-display":"","ast-hfb-above-header-display":"","ast-hfb-below-header-display":"","ast-hfb-mobile-header-display":"","site-post-title":"disabled","ast-breadcrumbs-content":"","ast-featured-img":"disabled","footer-sml-layout":"","theme-transparent-header-meta":"enabled","adv-header-id-meta":"","stick-header-meta":"","header-above-stick-meta":"","header-main-stick-meta":"","header-below-stick-meta":"","astra-migrate-meta-layouts":"set","ast-page-background-enabled":"default","ast-page-background-meta":{"desktop":{"background-color":"var(--ast-global-color-4)","background-image":"","background-repeat":"repeat","background-position":"center center","background-size":"auto","background-attachment":"scroll","background-type":"","background-media":"","overlay-type":"","overlay-color":"","overlay-gradient":""},"tablet":{"background-color":"","background-image":"","background-repeat":"repeat","background-position":"center center","background-size":"auto","background-attachment":"scroll","background-type":"","background-media":"","overlay-type":"","overlay-color":"","overlay-gradient":""},"mobile":{"background-color":"","background-image":"","background-repeat":"repeat","background-position":"center center","background-size":"auto","background-attachment":"scroll","background-type":"","background-media":"","overlay-type":"","overlay-color":"","overlay-gradient":""}},"ast-content-background-meta":{"desktop":{"background-color":"var(--ast-global-color-5)","background-image":"","background-repeat":"repeat","background-position":"center center","background-size":"auto","background-attachment":"scroll","background-type":"","background-media":"","overlay-type":"","overlay-color":"","overlay-gradient":""},"tablet":{"background-color":"var(--ast-global-color-5)","background-image":"","background-repeat":"repeat","background-position":"center center","background-size":"auto","background-attachment":"scroll","background-type":"","background-media":"","overlay-type":"","overlay-color":"","overlay-gradient":""},"mobile":{"background-color":"var(--ast-global-color-5)","background-image":"","background-repeat":"repeat","background-position":"center center","background-size":"auto","background-attachment":"scroll","background-type":"","background-media":"","overlay-type":"","overlay-color":"","overlay-gradient":""}},"footnotes":""},"uagb_featured_image_src":{"full":false,"thumbnail":false,"medium":false,"medium_large":false,"large":false,"1536x1536":false,"2048x2048":false,"trp-custom-language-flag":false},"uagb_author_info":{"display_name":"constanza.gonzalezveliz","author_link":"https:\/\/veritas.situada.online\/en\/author\/constanza-gonzalezveliz\/"},"uagb_comment_info":0,"uagb_excerpt":"An\u00e1lisis del abuso de aplicaciones deepfake y su impacto en la violencia digital de g\u00e9nero Clasificaci\u00f3n enga\u00f1osa en Google Play que permiten apps da\u00f1inas que incitan violencia Hipersexualizaci\u00f3n y control Plantillas sexualizadas Evasi\u00f3n de responsabilidad","_links":{"self":[{"href":"https:\/\/veritas.situada.online\/en\/wp-json\/wp\/v2\/pages\/1971"}],"collection":[{"href":"https:\/\/veritas.situada.online\/en\/wp-json\/wp\/v2\/pages"}],"about":[{"href":"https:\/\/veritas.situada.online\/en\/wp-json\/wp\/v2\/types\/page"}],"author":[{"embeddable":true,"href":"https:\/\/veritas.situada.online\/en\/wp-json\/wp\/v2\/users\/1"}],"replies":[{"embeddable":true,"href":"https:\/\/veritas.situada.online\/en\/wp-json\/wp\/v2\/comments?post=1971"}],"version-history":[{"count":64,"href":"https:\/\/veritas.situada.online\/en\/wp-json\/wp\/v2\/pages\/1971\/revisions"}],"predecessor-version":[{"id":2352,"href":"https:\/\/veritas.situada.online\/en\/wp-json\/wp\/v2\/pages\/1971\/revisions\/2352"}],"up":[{"embeddable":true,"href":"https:\/\/veritas.situada.online\/en\/wp-json\/wp\/v2\/pages\/1324"}],"wp:attachment":[{"href":"https:\/\/veritas.situada.online\/en\/wp-json\/wp\/v2\/media?parent=1971"}],"curies":[{"name":"wp","href":"https:\/\/api.w.org\/{rel}","templated":true}]}}